{"id":24723,"date":"2023-11-17T06:48:23","date_gmt":"2023-11-17T06:48:23","guid":{"rendered":"https:\/\/calatorinromania.com\/?page_id=24723"},"modified":"2023-11-17T06:48:24","modified_gmt":"2023-11-17T06:48:24","slug":"politica-de-cookies","status":"publish","type":"page","link":"https:\/\/calatorinromania.com\/?page_id=24723","title":{"rendered":"POLITICA DE COOKIES"},"content":{"rendered":"\n<p><strong>Data: 13.11.2023<\/strong><\/p>\n\n\n\n<p><strong>1. Introducere<\/strong><\/p>\n\n\n\n<p>Site-ul nostru, www.calatorinromania.com, folose\u0219te cookie-uri pentru a \u00eembun\u0103t\u0103\u021bi experien\u021ba dvs. de navigare \u0219i a asigura func\u021bionali\u021b\u0103\u021bi adi\u021bionale.<\/p>\n\n\n\n<p><strong>2. Ce sunt cookie-urile?<\/strong><\/p>\n\n\n\n<p>Cookie-urile sunt fi\u0219iere mici de text care sunt plasate pe dispozitivul dvs. de c\u0103tre site-urile web pe care le vizita\u021bi. Acestea sunt utilizate pe scar\u0103 larg\u0103 pentru a permite site-urilor web s\u0103 func\u021bioneze, sau s\u0103 func\u021bioneze mai eficient, precum \u0219i pentru a oferi informa\u021bii proprietarilor site-ului.<\/p>\n\n\n\n<p><strong>3. Cum folosim cookie-urile?<\/strong><\/p>\n\n\n\n<ul>\n<li><strong>Cookie-uri esen\u021biale:<\/strong>&nbsp;Aceste cookie-uri sunt vitale pentru func\u021bionarea corect\u0103 a site-ului nostru, permi\u021b\u00e2ndu-v\u0103 s\u0103 naviga\u021bi \u0219i s\u0103 utiliza\u021bi serviciile noastre.<\/li>\n\n\n\n<li><strong>Cookie-uri de performan\u021b\u0103:<\/strong>&nbsp;Aceste cookie-uri colecteaz\u0103 informa\u021bii despre cum folosi\u021bi site-ul nostru, de exemplu, paginile pe care le vizita\u021bi cel mai des.<\/li>\n\n\n\n<li><strong>Cookie-uri func\u021bionale:<\/strong>&nbsp;Aceste cookie-uri permit site-ului nostru s\u0103-\u0219i aminteasc\u0103 alegerile pe care le face\u021bi, oferindu-v\u0103 astfel o experien\u021b\u0103 personalizat\u0103.<\/li>\n<\/ul>\n\n\n\n<p><strong>4. Controlul dvs.<\/strong><\/p>\n\n\n\n<p>Pute\u021bi alege s\u0103 accepta\u021bi sau s\u0103 refuza\u021bi cookie-urile. Majoritatea browserelor web accept\u0103 automat cookie-urile, dar pute\u021bi modifica set\u0103rile browserului dvs. pentru a refuza cookie-urile dac\u0103 prefera\u021bi.<\/p>\n\n\n\n<p><strong>5. Modific\u0103ri ale Politicii de Cookies<\/strong><\/p>\n\n\n\n<p>Ne rezerv\u0103m dreptul de a actualiza sau modifica aceast\u0103 Politic\u0103 de Cookies \u00een orice moment, prin publicarea unei versiuni revizuite pe site-ul nostru.<\/p>\n\n\n\n<p><strong>6. Contact<\/strong><\/p>\n\n\n\n<p>Pentru orice \u00eentreb\u0103ri sau preocup\u0103ri legate de aceast\u0103 Politic\u0103 de Cookies, v\u0103 rug\u0103m s\u0103 ne contacta\u021bi la: contact[at]calatorinromani<\/p>\n","protected":false},"excerpt":{"rendered":"<p>Data: 13.11.2023 1. Introducere Site-ul nostru, www.calatorinromania.com, folose\u0219te cookie-uri pentru a \u00eembun\u0103t\u0103\u021bi experien\u021ba dvs. de navigare \u0219i a asigura func\u021bionali\u021b\u0103\u021bi adi\u021bionale. 2. Ce sunt cookie-urile?<\/p>\n","protected":false},"author":1,"featured_media":0,"parent":0,"menu_order":0,"comment_status":"closed","ping_status":"closed","template":"","meta":[],"_links":{"self":[{"href":"https:\/\/calatorinromania.com\/index.php?rest_route=\/wp\/v2\/pages\/24723"}],"collection":[{"href":"https:\/\/calatorinromania.com\/index.php?rest_route=\/wp\/v2\/pages"}],"about":[{"href":"https:\/\/calatorinromania.com\/index.php?rest_route=\/wp\/v2\/types\/page"}],"author":[{"embeddable":true,"href":"https:\/\/calatorinromania.com\/index.php?rest_route=\/wp\/v2\/users\/1"}],"replies":[{"embeddable":true,"href":"https:\/\/calatorinromania.com\/index.php?rest_route=%2Fwp%2Fv2%2Fcomments&post=24723"}],"version-history":[{"count":1,"href":"https:\/\/calatorinromania.com\/index.php?rest_route=\/wp\/v2\/pages\/24723\/revisions"}],"predecessor-version":[{"id":24724,"href":"https:\/\/calatorinromania.com\/index.php?rest_route=\/wp\/v2\/pages\/24723\/revisions\/24724"}],"wp:attachment":[{"href":"https:\/\/calatorinromania.com\/index.php?rest_route=%2Fwp%2Fv2%2Fmedia&parent=24723"}],"curies":[{"name":"wp","href":"https:\/\/api.w.org\/{rel}","templated":true}]}}