{"id":24718,"date":"2023-11-17T06:46:53","date_gmt":"2023-11-17T06:46:53","guid":{"rendered":"https:\/\/calatorinromania.com\/?page_id=24718"},"modified":"2023-11-17T06:46:54","modified_gmt":"2023-11-17T06:46:54","slug":"contact","status":"publish","type":"page","link":"http:\/\/calatorinromania.com\/?page_id=24718","title":{"rendered":"CONTACT"},"content":{"rendered":"\n<p>Dorim s\u0103 auzim de la tine! Fie c\u0103 ai o \u00eentrebare, un feedback sau ai nevoie de asisten\u021b\u0103, echipa noastr\u0103 este aici pentru a te ajuta. Completeaz\u0103 formularul de mai jos sau contacteaz\u0103-ne direct folosind informa\u021biile de contact furnizate.<\/p>\n\n\n\n<p>E-mail: contact[at]calatorinromania.com<\/p>\n","protected":false},"excerpt":{"rendered":"<p>Dorim s\u0103 auzim de la tine! Fie c\u0103 ai o \u00eentrebare, un feedback sau ai nevoie de asisten\u021b\u0103, echipa noastr\u0103 este aici pentru a te<\/p>\n","protected":false},"author":1,"featured_media":0,"parent":0,"menu_order":0,"comment_status":"closed","ping_status":"closed","template":"","meta":[],"_links":{"self":[{"href":"http:\/\/calatorinromania.com\/index.php?rest_route=\/wp\/v2\/pages\/24718"}],"collection":[{"href":"http:\/\/calatorinromania.com\/index.php?rest_route=\/wp\/v2\/pages"}],"about":[{"href":"http:\/\/calatorinromania.com\/index.php?rest_route=\/wp\/v2\/types\/page"}],"author":[{"embeddable":true,"href":"http:\/\/calatorinromania.com\/index.php?rest_route=\/wp\/v2\/users\/1"}],"replies":[{"embeddable":true,"href":"http:\/\/calatorinromania.com\/index.php?rest_route=%2Fwp%2Fv2%2Fcomments&post=24718"}],"version-history":[{"count":1,"href":"http:\/\/calatorinromania.com\/index.php?rest_route=\/wp\/v2\/pages\/24718\/revisions"}],"predecessor-version":[{"id":24719,"href":"http:\/\/calatorinromania.com\/index.php?rest_route=\/wp\/v2\/pages\/24718\/revisions\/24719"}],"wp:attachment":[{"href":"http:\/\/calatorinromania.com\/index.php?rest_route=%2Fwp%2Fv2%2Fmedia&parent=24718"}],"curies":[{"name":"wp","href":"https:\/\/api.w.org\/{rel}","templated":true}]}}